{"id":665,"date":"2024-10-04T13:01:08","date_gmt":"2024-10-04T11:01:08","guid":{"rendered":"https:\/\/andernos-osteopathe.fr\/?page_id=665"},"modified":"2025-04-13T11:00:42","modified_gmt":"2025-04-13T09:00:42","slug":"bebe-et-tete-plate-prise-en-charge-osteopathique-de-la-plagiocephalie","status":"publish","type":"page","link":"https:\/\/andernos-osteopathe.fr\/?page_id=665","title":{"rendered":"Ost\u00e9o &#038; b\u00e9b\u00e9"},"content":{"rendered":"\n<figure class=\"wp-block-image size-full\"><img loading=\"lazy\" decoding=\"async\" width=\"822\" height=\"431\" src=\"https:\/\/andernos-osteopathe.fr\/wp-content\/uploads\/2024\/10\/bebe1.png\" alt=\"\" class=\"wp-image-673\" title=\"b\u00e9b\u00e9 plagioc\u00e9phalie ost\u00e9opathie\" srcset=\"https:\/\/andernos-osteopathe.fr\/wp-content\/uploads\/2024\/10\/bebe1.png 822w, https:\/\/andernos-osteopathe.fr\/wp-content\/uploads\/2024\/10\/bebe1-300x157.png 300w, https:\/\/andernos-osteopathe.fr\/wp-content\/uploads\/2024\/10\/bebe1-768x403.png 768w, https:\/\/andernos-osteopathe.fr\/wp-content\/uploads\/2024\/10\/bebe1-114x60.png 114w\" sizes=\"auto, (max-width: 822px) 100vw, 822px\" \/><\/figure>\n\n\n\n<p class=\"has-cyan-bluish-gray-color has-text-color has-link-color wp-elements-14cb390e6b6300b7d598908f2fbe409b\" style=\"font-size:33px\"><strong>L&rsquo;ost\u00e9opathie pour b\u00e9b\u00e9, pour quoi faire?<\/strong><\/p>\n\n\n\n<p class=\"has-small-font-size\"><\/p>\n\n\n\n<p class=\"has-small-font-size\">L&rsquo;ost\u00e9opathie est une pratique qui vise \u00e0 am\u00e9liorer la qualit\u00e9 de vie des patients, sans avoir la pr\u00e9tention d&rsquo;autre chose. Chez les b\u00e9b\u00e9s leur immaturit\u00e9 neuro-d\u00e9veloppementale s&rsquo;accompagne de certains troubles fonctionnels. Ce ne sont pas des maladies mais bien des troubles qui peuvent alt\u00e9rer cette qualit\u00e9 de vie pour b\u00e9b\u00e9 et les parents, souvent inquiets. Le r\u00f4le de l\u2019Ost\u00e9opathe va \u00eatre d&rsquo;apaiser ces troubles fonctionnels, de rassurer les parents ou de les rediriger s&rsquo;il y a des doutes sur l&rsquo;\u00e9tat de sant\u00e9 du b\u00e9b\u00e9. Ainsi que d&rsquo;autonomiser les jeunes parents en leur proposant certaines astuces.<\/p>\n\n\n\n<p class=\"has-cyan-bluish-gray-color has-text-color has-link-color wp-elements-3a133280975428aeb20f41c0cf6e9224\" style=\"font-size:33px\"><strong>Les troubles fonctionnels du nourrisson:<\/strong><\/p>\n\n\n\n<p class=\"has-small-font-size\">L&rsquo;ost\u00e9opathie p\u00e9diatrique est fond\u00e9e sur les base de l&rsquo;anatomie et la physiologie du nourrisson et de l&rsquo;enfant. La prise en charge sera diff\u00e9rente de chez l&rsquo;adulte et demande d&rsquo;\u00eatre sp\u00e9cifiquement form\u00e9 . Je propose de prendre en charge les troubles fonctionnels du nourrisson notamment les torticolis (non pathologique) , les plagioc\u00e9phalies, les troubles de la succion, de r\u00e9gurgitation, les coliques, la constipation.<\/p>\n\n\n\n<h1 class=\"wp-block-heading has-cyan-bluish-gray-color has-text-color has-link-color wp-elements-203221091318db17aa6871c25b4072f7\" style=\"font-size:33px\"><strong>Quand amener b\u00e9b\u00e9?<\/strong><\/h1>\n\n\n\n<p class=\"has-small-font-size\">S&rsquo;il n&rsquo;y a pas de trouble de la succion ou de difficult\u00e9 \u00e0 l&rsquo;allaitement , le premier rendez vous chez l&rsquo;Ost\u00e9opathe peut attendre 2 \u00e0 3 semaines apr\u00e8s la naissance. L&rsquo;id\u00e9ale est que b\u00e9b\u00e9 ai d\u00e9j\u00e0 vu le p\u00e9diatre une premi\u00e8re fois.<\/p>\n\n\n\n<h1 class=\"wp-block-heading has-cyan-bluish-gray-color has-text-color has-link-color wp-elements-2c33cc98d4e5471685d7ce8f21d7ff9a\" style=\"font-size:33px\">La plagioc\u00e9phalie:<\/h1>\n\n\n\n<p class=\"has-small-font-size\">Elle se traduit par un aplatissement d&rsquo;une partie du cr\u00e2ne,  au niveau de l&rsquo;occiput (\u00e0 l\u2019arri\u00e8re de la t\u00eate). Son origine est intra-ut\u00e9rine (position contraignante pendant la gestation) ou p\u00e9rinatale (appui prolong\u00e9 sur la t\u00eate; transat, couffin). C&rsquo;est le ralentissement de la croissance de l&rsquo;occiput due au contact prolong\u00e9, qui cr\u00e9e cette d\u00e9formation.<\/p>\n\n\n\n<p class=\"has-small-font-size\">Parfois elle peut \u00eatre grave, on parle de craniost\u00e9nose. Les sutures cr\u00e2nienne sont soud\u00e9es  pr\u00e9matur\u00e9ment et il faut intervenir de mani\u00e8re chirurgical. Les craniost\u00e9noses ne repr\u00e9sentent que 1 cas pour 21000 enfants alors que la plagioc\u00e9phalie fonctionnelle, touche 1 enfant sur 5.<\/p>\n\n\n\n<p class=\"has-small-font-size\">Il ne faut pas prendre la plagioc\u00e9phalie \u00e0 la l\u00e9g\u00e8re, elle ne s&rsquo;efface pas d&rsquo;elle m\u00eame, il peut y avoir une r\u00e9percutions esth\u00e9tique. Elle peut \u00eatre aussi le marqueur d&rsquo;une hypotonie et donc il faudra explorer la sph\u00e8re neurologique de l&rsquo;enfant et mettre en place une prise en charge adapt\u00e9e.<\/p>\n\n\n\n<h1 class=\"wp-block-heading has-cyan-bluish-gray-color has-text-color has-link-color wp-elements-9cd54c5e7e86348c107c8a79fd9c4091\" style=\"font-size:30px\">Ost\u00e9opathie et plagioc\u00e9phalie<\/h1>\n\n\n\n<p class=\"has-small-font-size\">On analyse dans l&rsquo;anamn\u00e8se toutes les informations sur le d\u00e9roul\u00e9 de la naissance et l&rsquo;\u00e9tat de sant\u00e9 de b\u00e9b\u00e9, puis on l&rsquo;observe, on va mesurer le p\u00e9rim\u00e8tre cr\u00e2nienne, v\u00e9rifier la forme global du cr\u00e2ne. L&rsquo;important est de diff\u00e9rencier la plagioc\u00e9phalie de la craniost\u00e9nose.<\/p>\n\n\n\n<h2 class=\"wp-block-heading has-cyan-bluish-gray-color has-text-color has-link-color wp-elements-85d019cde33033f021a96f71560a3f1a\" style=\"font-size:33px\">Le traitement:<\/h2>\n\n\n\n<p class=\"has-small-font-size\">Les manipulations (craking) sont inadapt\u00e9es chez le nourrisson et l&rsquo;enfant \u00e9tant donn\u00e9 que leur ossification (notamment vert\u00e9bral) n&rsquo;est pas termin\u00e9e. L&rsquo;Ost\u00e9opathie P\u00e9diatrique se fait par des <strong>mobilisations douces<\/strong>. <\/p>\n\n\n\n<p class=\"has-small-font-size\">Dans un premier temps il faudra lever le torticolis en accompagnant une meilleur mobilit\u00e9 des cervicales. Un suivi avec un kin\u00e9sith\u00e9rapeute en parall\u00e8le est tr\u00e8s b\u00e9n\u00e9fique.  <\/p>\n\n\n\n<p class=\"has-small-font-size\">Pour permettre au cr\u00e2ne de grandir de fa\u00e7on harmonieuse, il faut que les zones d&rsquo;ossification (synchondroses) qui se trouvent entre les sutures cr\u00e2nienne ne soient pas en contact  . L&rsquo;os \u00e0 besoin d&rsquo;\u00eatre libre de contraintes pour se d\u00e9velopper. L&rsquo;Ost\u00e9opathe va avec d\u00e9licatesse mobiliser ces sutures pour lever ces contraintes de pression. La tonicit\u00e9 musculaire va aussi avoir un r\u00f4le important. Elle permet d&rsquo;\u00e9viter le contact permanent de la t\u00eate contre un support. Les conseils de portage de mise en d\u00e9cubitus ventral et le renforcement Kin\u00e9 seront la aussi des ressources importantes.<\/p>\n\n\n\n<p><\/p>\n\n\n\n<p><\/p>\n\n\n\n<p class=\"has-small-font-size\"><\/p>\n\n\n\n<p><\/p>\n\n\n\n<p><\/p>\n","protected":false},"excerpt":{"rendered":"<p>L&rsquo;ost\u00e9opathie pour b\u00e9b\u00e9, pour quoi faire? L&rsquo;ost\u00e9opathie est une pratique qui vise \u00e0 am\u00e9liorer la qualit\u00e9 de vie des patients, sans avoir la pr\u00e9tention d&rsquo;autre chose. Chez les b\u00e9b\u00e9s leur &hellip; <\/p>\n","protected":false},"author":1,"featured_media":0,"parent":0,"menu_order":0,"comment_status":"closed","ping_status":"closed","template":"","meta":{"_themeisle_gutenberg_block_has_review":false,"footnotes":""},"class_list":["post-665","page","type-page","status-publish","hentry"],"_links":{"self":[{"href":"https:\/\/andernos-osteopathe.fr\/index.php?rest_route=\/wp\/v2\/pages\/665","targetHints":{"allow":["GET"]}}],"collection":[{"href":"https:\/\/andernos-osteopathe.fr\/index.php?rest_route=\/wp\/v2\/pages"}],"about":[{"href":"https:\/\/andernos-osteopathe.fr\/index.php?rest_route=\/wp\/v2\/types\/page"}],"author":[{"embeddable":true,"href":"https:\/\/andernos-osteopathe.fr\/index.php?rest_route=\/wp\/v2\/users\/1"}],"replies":[{"embeddable":true,"href":"https:\/\/andernos-osteopathe.fr\/index.php?rest_route=%2Fwp%2Fv2%2Fcomments&post=665"}],"version-history":[{"count":30,"href":"https:\/\/andernos-osteopathe.fr\/index.php?rest_route=\/wp\/v2\/pages\/665\/revisions"}],"predecessor-version":[{"id":880,"href":"https:\/\/andernos-osteopathe.fr\/index.php?rest_route=\/wp\/v2\/pages\/665\/revisions\/880"}],"wp:attachment":[{"href":"https:\/\/andernos-osteopathe.fr\/index.php?rest_route=%2Fwp%2Fv2%2Fmedia&parent=665"}],"curies":[{"name":"wp","href":"https:\/\/api.w.org\/{rel}","templated":true}]}}